{"id":11054,"date":"2025-06-20T15:26:25","date_gmt":"2025-06-20T12:26:25","guid":{"rendered":"https:\/\/allerparts.com\/?page_id=11054"},"modified":"2025-06-20T16:36:20","modified_gmt":"2025-06-20T13:36:20","slug":"impressum","status":"publish","type":"page","link":"https:\/\/allerparts.com\/de\/impressum\/","title":{"rendered":"Impressum"},"content":{"rendered":"\t\t<div data-elementor-type=\"wp-page\" data-elementor-id=\"11054\" class=\"elementor elementor-11054\" data-elementor-post-type=\"page\">\n\t\t\t\t\t\t<section class=\"elementor-section elementor-top-section elementor-element elementor-element-4119454 elementor-section-boxed elementor-section-height-default elementor-section-height-default\" data-id=\"4119454\" data-element_type=\"section\" data-settings=\"{&quot;jet_parallax_layout_list&quot;:[]}\">\n\t\t\t\t\t\t<div class=\"elementor-container elementor-column-gap-default\">\n\t\t\t\t\t<div class=\"elementor-column elementor-col-100 elementor-top-column elementor-element elementor-element-65bf4ee\" data-id=\"65bf4ee\" data-element_type=\"column\">\n\t\t\t<div class=\"elementor-widget-wrap elementor-element-populated\">\n\t\t\t\t\t\t<div class=\"elementor-element elementor-element-e3611ac elementor-widget elementor-widget-heading\" data-id=\"e3611ac\" data-element_type=\"widget\" data-widget_type=\"heading.default\">\n\t\t\t\t<div class=\"elementor-widget-container\">\n\t\t\t<style>\/*! elementor - v3.20.0 - 26-03-2024 *\/\n.elementor-heading-title{padding:0;margin:0;line-height:1}.elementor-widget-heading .elementor-heading-title[class*=elementor-size-]>a{color:inherit;font-size:inherit;line-height:inherit}.elementor-widget-heading .elementor-heading-title.elementor-size-small{font-size:15px}.elementor-widget-heading .elementor-heading-title.elementor-size-medium{font-size:19px}.elementor-widget-heading .elementor-heading-title.elementor-size-large{font-size:29px}.elementor-widget-heading .elementor-heading-title.elementor-size-xl{font-size:39px}.elementor-widget-heading .elementor-heading-title.elementor-size-xxl{font-size:59px}<\/style><h2 class=\"elementor-heading-title elementor-size-default\">Impressum<\/h2>\t\t<\/div>\n\t\t\t\t<\/div>\n\t\t\t\t\t<\/div>\n\t\t<\/div>\n\t\t\t\t\t<\/div>\n\t\t<\/section>\n\t\t\t\t<section class=\"elementor-section elementor-top-section elementor-element elementor-element-4c7ebc0 elementor-section-boxed elementor-section-height-default elementor-section-height-default\" data-id=\"4c7ebc0\" data-element_type=\"section\" data-settings=\"{&quot;jet_parallax_layout_list&quot;:[]}\">\n\t\t\t\t\t\t<div class=\"elementor-container elementor-column-gap-default\">\n\t\t\t\t\t<div class=\"elementor-column elementor-col-100 elementor-top-column elementor-element elementor-element-077f792\" data-id=\"077f792\" data-element_type=\"column\">\n\t\t\t<div class=\"elementor-widget-wrap elementor-element-populated\">\n\t\t\t\t\t\t<div class=\"elementor-element elementor-element-1d35d98 elementor-widget elementor-widget-text-editor\" data-id=\"1d35d98\" data-element_type=\"widget\" data-widget_type=\"text-editor.default\">\n\t\t\t\t<div class=\"elementor-widget-container\">\n\t\t\t<style>\/*! elementor - v3.20.0 - 26-03-2024 *\/\n.elementor-widget-text-editor.elementor-drop-cap-view-stacked .elementor-drop-cap{background-color:#69727d;color:#fff}.elementor-widget-text-editor.elementor-drop-cap-view-framed .elementor-drop-cap{color:#69727d;border:3px solid;background-color:transparent}.elementor-widget-text-editor:not(.elementor-drop-cap-view-default) .elementor-drop-cap{margin-top:8px}.elementor-widget-text-editor:not(.elementor-drop-cap-view-default) .elementor-drop-cap-letter{width:1em;height:1em}.elementor-widget-text-editor .elementor-drop-cap{float:left;text-align:center;line-height:1;font-size:50px}.elementor-widget-text-editor .elementor-drop-cap-letter{display:inline-block}<\/style>\t\t\t\t<p><strong>ALLER PARTS GmbH<\/strong><br \/>Castroper Stra\u00dfe 241 45711 Datteln<br \/>Deutschland<\/p><p><strong>Telefon:<\/strong> +49 (0) 176 2405 1717<br \/><strong>E-Mail:<\/strong> <a href=\"info@allerparts.com\">info@allerparts.com<\/a><\/p><p><strong>Vertretungsberechtigte Gesch\u00e4ftsf\u00fchrerin:<\/strong> Buse Erdin\u00e7<\/p><p><strong>Registergericht:<\/strong> Amtsgericht D\u00fcsseldorf<br \/><strong>Handelsregisternummer:<\/strong> HRB 101662<br \/><strong>Umsatzsteuer-Identifikationsnummer gem\u00e4\u00df \u00a727a UStG:<\/strong> DE364422224<\/p>\t\t\t\t\t\t<\/div>\n\t\t\t\t<\/div>\n\t\t\t\t\t<\/div>\n\t\t<\/div>\n\t\t\t\t\t<\/div>\n\t\t<\/section>\n\t\t\t\t<\/div>\n\t\t","protected":false},"excerpt":{"rendered":"<p>Impressum ALLER PARTS GmbHCastroper Stra\u00dfe 241 45711 DattelnDeutschland Telefon: +49 (0) 176 2405 1717E-Mail: info@allerparts.com Vertretungsberechtigte Gesch\u00e4ftsf\u00fchrerin: Buse Erdin\u00e7 Registergericht: Amtsgericht D\u00fcsseldorfHandelsregisternummer: HRB 101662Umsatzsteuer-Identifikationsnummer gem\u00e4\u00df \u00a727a UStG: DE364422224<\/p>\n","protected":false},"author":1,"featured_media":0,"parent":0,"menu_order":0,"comment_status":"closed","ping_status":"closed","template":"","meta":{"footnotes":""},"class_list":["post-11054","page","type-page","status-publish","hentry"],"yoast_head":"<!-- This site is optimized with the Yoast SEO plugin v22.4 - https:\/\/yoast.com\/wordpress\/plugins\/seo\/ -->\n<title>Impressum - Aller<\/title>\n<meta name=\"robots\" content=\"index, follow, max-snippet:-1, max-image-preview:large, max-video-preview:-1\" \/>\n<link rel=\"canonical\" href=\"https:\/\/allerparts.com\/de\/impressum\/\" \/>\n<meta property=\"og:locale\" content=\"de_DE\" \/>\n<meta property=\"og:type\" content=\"article\" \/>\n<meta property=\"og:title\" content=\"Impressum - Aller\" \/>\n<meta property=\"og:description\" content=\"Impressum ALLER PARTS GmbHCastroper Stra\u00dfe 241 45711 DattelnDeutschland Telefon: +49 (0) 176 2405 1717E-Mail: info@allerparts.com Vertretungsberechtigte Gesch\u00e4ftsf\u00fchrerin: Buse Erdin\u00e7 Registergericht: Amtsgericht D\u00fcsseldorfHandelsregisternummer: HRB 101662Umsatzsteuer-Identifikationsnummer gem\u00e4\u00df \u00a727a UStG: DE364422224\" \/>\n<meta property=\"og:url\" content=\"https:\/\/allerparts.com\/de\/impressum\/\" \/>\n<meta property=\"og:site_name\" content=\"Aller\" \/>\n<meta property=\"article:modified_time\" content=\"2025-06-20T13:36:20+00:00\" \/>\n<meta name=\"twitter:card\" content=\"summary_large_image\" \/>\n<meta name=\"twitter:label1\" content=\"Gesch\u00e4tzte Lesezeit\" \/>\n\t<meta name=\"twitter:data1\" content=\"1\u00a0Minute\" \/>\n<script type=\"application\/ld+json\" class=\"yoast-schema-graph\">{\"@context\":\"https:\/\/schema.org\",\"@graph\":[{\"@type\":\"WebPage\",\"@id\":\"https:\/\/allerparts.com\/de\/impressum\/\",\"url\":\"https:\/\/allerparts.com\/de\/impressum\/\",\"name\":\"Impressum - Aller\",\"isPartOf\":{\"@id\":\"https:\/\/allerparts.com\/#website\"},\"datePublished\":\"2025-06-20T12:26:25+00:00\",\"dateModified\":\"2025-06-20T13:36:20+00:00\",\"breadcrumb\":{\"@id\":\"https:\/\/allerparts.com\/de\/impressum\/#breadcrumb\"},\"inLanguage\":\"de\",\"potentialAction\":[{\"@type\":\"ReadAction\",\"target\":[\"https:\/\/allerparts.com\/de\/impressum\/\"]}]},{\"@type\":\"BreadcrumbList\",\"@id\":\"https:\/\/allerparts.com\/de\/impressum\/#breadcrumb\",\"itemListElement\":[{\"@type\":\"ListItem\",\"position\":1,\"name\":\"Home\",\"item\":\"https:\/\/allerparts.com\/de\/\"},{\"@type\":\"ListItem\",\"position\":2,\"name\":\"Impressum\"}]},{\"@type\":\"WebSite\",\"@id\":\"https:\/\/allerparts.com\/#website\",\"url\":\"https:\/\/allerparts.com\/\",\"name\":\"Aller\",\"description\":\"Aller Parts\",\"potentialAction\":[{\"@type\":\"SearchAction\",\"target\":{\"@type\":\"EntryPoint\",\"urlTemplate\":\"https:\/\/allerparts.com\/?s={search_term_string}\"},\"query-input\":\"required name=search_term_string\"}],\"inLanguage\":\"de\"}]}<\/script>\n<!-- \/ Yoast SEO plugin. -->","yoast_head_json":{"title":"Impressum - Aller","robots":{"index":"index","follow":"follow","max-snippet":"max-snippet:-1","max-image-preview":"max-image-preview:large","max-video-preview":"max-video-preview:-1"},"canonical":"https:\/\/allerparts.com\/de\/impressum\/","og_locale":"de_DE","og_type":"article","og_title":"Impressum - Aller","og_description":"Impressum ALLER PARTS GmbHCastroper Stra\u00dfe 241 45711 DattelnDeutschland Telefon: +49 (0) 176 2405 1717E-Mail: info@allerparts.com Vertretungsberechtigte Gesch\u00e4ftsf\u00fchrerin: Buse Erdin\u00e7 Registergericht: Amtsgericht D\u00fcsseldorfHandelsregisternummer: HRB 101662Umsatzsteuer-Identifikationsnummer gem\u00e4\u00df \u00a727a UStG: DE364422224","og_url":"https:\/\/allerparts.com\/de\/impressum\/","og_site_name":"Aller","article_modified_time":"2025-06-20T13:36:20+00:00","twitter_card":"summary_large_image","twitter_misc":{"Gesch\u00e4tzte Lesezeit":"1\u00a0Minute"},"schema":{"@context":"https:\/\/schema.org","@graph":[{"@type":"WebPage","@id":"https:\/\/allerparts.com\/de\/impressum\/","url":"https:\/\/allerparts.com\/de\/impressum\/","name":"Impressum - Aller","isPartOf":{"@id":"https:\/\/allerparts.com\/#website"},"datePublished":"2025-06-20T12:26:25+00:00","dateModified":"2025-06-20T13:36:20+00:00","breadcrumb":{"@id":"https:\/\/allerparts.com\/de\/impressum\/#breadcrumb"},"inLanguage":"de","potentialAction":[{"@type":"ReadAction","target":["https:\/\/allerparts.com\/de\/impressum\/"]}]},{"@type":"BreadcrumbList","@id":"https:\/\/allerparts.com\/de\/impressum\/#breadcrumb","itemListElement":[{"@type":"ListItem","position":1,"name":"Home","item":"https:\/\/allerparts.com\/de\/"},{"@type":"ListItem","position":2,"name":"Impressum"}]},{"@type":"WebSite","@id":"https:\/\/allerparts.com\/#website","url":"https:\/\/allerparts.com\/","name":"Aller","description":"Aller Parts","potentialAction":[{"@type":"SearchAction","target":{"@type":"EntryPoint","urlTemplate":"https:\/\/allerparts.com\/?s={search_term_string}"},"query-input":"required name=search_term_string"}],"inLanguage":"de"}]}},"jetpack_sharing_enabled":true,"_links":{"self":[{"href":"https:\/\/allerparts.com\/de\/wp-json\/wp\/v2\/pages\/11054","targetHints":{"allow":["GET"]}}],"collection":[{"href":"https:\/\/allerparts.com\/de\/wp-json\/wp\/v2\/pages"}],"about":[{"href":"https:\/\/allerparts.com\/de\/wp-json\/wp\/v2\/types\/page"}],"author":[{"embeddable":true,"href":"https:\/\/allerparts.com\/de\/wp-json\/wp\/v2\/users\/1"}],"replies":[{"embeddable":true,"href":"https:\/\/allerparts.com\/de\/wp-json\/wp\/v2\/comments?post=11054"}],"version-history":[{"count":14,"href":"https:\/\/allerparts.com\/de\/wp-json\/wp\/v2\/pages\/11054\/revisions"}],"predecessor-version":[{"id":11078,"href":"https:\/\/allerparts.com\/de\/wp-json\/wp\/v2\/pages\/11054\/revisions\/11078"}],"wp:attachment":[{"href":"https:\/\/allerparts.com\/de\/wp-json\/wp\/v2\/media?parent=11054"}],"curies":[{"name":"wp","href":"https:\/\/api.w.org\/{rel}","templated":true}]}}