{"id":5781,"date":"2023-10-14T21:28:56","date_gmt":"2023-10-14T18:28:56","guid":{"rendered":"https:\/\/allerparts.com\/?post_type=product&#038;p=5781"},"modified":"2023-10-15T14:56:53","modified_gmt":"2023-10-15T11:56:53","slug":"9150200-bremssattel-reparatursaetze","status":"publish","type":"product","link":"https:\/\/allerparts.com\/de\/product\/9150200-bremssattel-reparatursaetze\/","title":{"rendered":"9150200 \u2013 Bremssattel-Reparaturs\u00e4tze"},"content":{"rendered":"<p><span style=\"color: #ffffff;\"><strong>IVECO <\/strong>93161028<\/span><\/p>\n<table dir=\"ltr\" border=\"1\" cellspacing=\"0\" cellpadding=\"0\">\n<colgroup>\n<col width=\"115\" \/>\n<col width=\"100\" \/><\/colgroup>\n<tbody>\n<tr>\n<td><\/td>\n<td><\/td>\n<\/tr>\n<tr>\n<td data-sheets-value=\"{&quot;1&quot;:2,&quot;2&quot;:&quot;MERITOR&quot;}\"><strong>MERITOR<\/strong><\/td>\n<td style=\"text-align: center;\" data-sheets-value=\"{&quot;1&quot;:2,&quot;2&quot;:&quot;SJ1037&quot;}\">SJ1037<\/td>\n<\/tr>\n<tr>\n<td data-sheets-value=\"{&quot;1&quot;:2,&quot;2&quot;:&quot;IVECO&quot;}\"><strong>IVECO<\/strong><\/td>\n<td style=\"text-align: center;\" data-sheets-value=\"{&quot;1&quot;:2,&quot;2&quot;:&quot;9316 1028&quot;}\">9316 1028<\/td>\n<\/tr>\n<\/tbody>\n<\/table>\n","protected":false},"excerpt":{"rendered":"<table dir=\"ltr\" border=\"1\" cellspacing=\"0\" cellpadding=\"0\">\n<colgroup>\n<col width=\"100\" \/>\n<col width=\"212\" \/>\n<col width=\"181\" \/>\n<col width=\"73\" \/><\/colgroup>\n<tbody>\n<tr>\n<td data-sheets-value=\"{&quot;1&quot;:2,&quot;2&quot;:&quot;NR.&quot;}\"><strong>NR.<\/strong><\/td>\n<td data-sheets-value=\"{&quot;1&quot;:2,&quot;2&quot;:&quot;BESCHREIBUNG&quot;}\"><strong>BESCHREIBUNG<\/strong><\/td>\n<td data-sheets-value=\"{&quot;1&quot;:2,&quot;2&quot;:&quot;ABMESSUNG &quot;}\"><strong>ABMESSUNG<\/strong><\/td>\n<td data-sheets-value=\"{&quot;1&quot;:2,&quot;2&quot;:&quot;MENGE&quot;}\"><strong>MENGE<\/strong><\/td>\n<\/tr>\n<tr>\n<td data-sheets-value=\"{&quot;1&quot;:3,&quot;3&quot;:10241}\"><strong>10241<\/strong><\/td>\n<td data-sheets-value=\"{&quot;1&quot;:2,&quot;2&quot;:&quot;Caliper Piston Seal&quot;}\">Caliper Piston Seal<\/td>\n<td data-sheets-value=\"{&quot;1&quot;:2,&quot;2&quot;:&quot;\u00d8 60 mm&quot;}\">\u00d8 60 mm<\/td>\n<td data-sheets-value=\"{&quot;1&quot;:3,&quot;3&quot;:2}\">2<\/td>\n<\/tr>\n<tr>\n<td data-sheets-value=\"{&quot;1&quot;:3,&quot;3&quot;:10242}\"><strong>10242<\/strong><\/td>\n<td data-sheets-value=\"{&quot;1&quot;:2,&quot;2&quot;:&quot;Caliper Piston Boot&quot;}\">Caliper Piston Boot<\/td>\n<td data-sheets-value=\"{&quot;1&quot;:2,&quot;2&quot;:&quot;\u00d8 60 mm&quot;}\">\u00d8 60 mm<\/td>\n<td data-sheets-value=\"{&quot;1&quot;:3,&quot;3&quot;:2}\">2<\/td>\n<\/tr>\n<tr>\n<td data-sheets-value=\"{&quot;1&quot;:3,&quot;3&quot;:10243}\"><strong>10243<\/strong><\/td>\n<td data-sheets-value=\"{&quot;1&quot;:2,&quot;2&quot;:&quot;Caliper Pin Boot&quot;}\">Caliper Pin Boot<\/td>\n<td><\/td>\n<td data-sheets-value=\"{&quot;1&quot;:3,&quot;3&quot;:2}\">2<\/td>\n<\/tr>\n<tr>\n<td data-sheets-value=\"{&quot;1&quot;:3,&quot;3&quot;:10244}\"><strong>10244<\/strong><\/td>\n<td data-sheets-value=\"{&quot;1&quot;:2,&quot;2&quot;:&quot;Caliper Pin Cap&quot;}\">Caliper Pin Cap<\/td>\n<td data-sheets-value=\"{&quot;1&quot;:2,&quot;2&quot;:&quot;\u00d8 24 \/ 12 mm&quot;}\">\u00d8 24 \/ 12 mm<\/td>\n<td data-sheets-value=\"{&quot;1&quot;:3,&quot;3&quot;:2}\">2<\/td>\n<\/tr>\n<\/tbody>\n<\/table>\n","protected":false},"featured_media":3354,"template":"","meta":[],"product_cat":[519,521],"product_tag":[],"class_list":{"0":"post-5781","1":"product","2":"type-product","3":"status-publish","4":"has-post-thumbnail","6":"product_cat-hydraulic-de","7":"product_cat-meritor-hydraulic-de","9":"first","10":"instock","11":"shipping-taxable","12":"purchasable","13":"product-type-woosb"},"yoast_head":"<!-- This site is optimized with the Yoast SEO plugin v22.4 - https:\/\/yoast.com\/wordpress\/plugins\/seo\/ -->\n<title>9150200 \u2013 Bremssattel-Reparaturs\u00e4tze - Aller<\/title>\n<meta name=\"robots\" content=\"index, follow, max-snippet:-1, max-image-preview:large, max-video-preview:-1\" \/>\n<link rel=\"canonical\" href=\"https:\/\/allerparts.com\/product\/9150200\/\" \/>\n<meta property=\"og:locale\" content=\"de_DE\" \/>\n<meta property=\"og:type\" content=\"article\" \/>\n<meta property=\"og:title\" content=\"9150200 \u2013 Bremssattel-Reparaturs\u00e4tze - Aller\" \/>\n<meta property=\"og:description\" content=\"NR. BESCHREIBUNG ABMESSUNG MENGE   10241 Caliper Piston Seal \u00d8 60 mm 2   10242 Caliper Piston Boot \u00d8 60 mm 2   10243 Caliper Pin Boot  2   10244 Caliper Pin Cap \u00d8 24 \/ 12 mm 2\" \/>\n<meta property=\"og:url\" content=\"https:\/\/allerparts.com\/product\/9150200\/\" \/>\n<meta property=\"og:site_name\" content=\"Aller\" \/>\n<meta property=\"article:modified_time\" content=\"2023-10-15T11:56:53+00:00\" \/>\n<meta property=\"og:image\" content=\"https:\/\/allerparts.com\/wp-content\/uploads\/2023\/06\/aller-9150200-dikey.png\" \/>\n\t<meta property=\"og:image:width\" content=\"1200\" \/>\n\t<meta property=\"og:image:height\" content=\"1502\" \/>\n\t<meta property=\"og:image:type\" content=\"image\/png\" \/>\n<meta name=\"twitter:card\" content=\"summary_large_image\" \/>\n<meta name=\"twitter:label1\" content=\"Gesch\u00e4tzte Lesezeit\" \/>\n\t<meta name=\"twitter:data1\" content=\"1\u00a0Minute\" \/>\n<script type=\"application\/ld+json\" class=\"yoast-schema-graph\">{\"@context\":\"https:\/\/schema.org\",\"@graph\":[{\"@type\":\"WebPage\",\"@id\":\"https:\/\/allerparts.com\/product\/9150200\/\",\"url\":\"https:\/\/allerparts.com\/product\/9150200\/\",\"name\":\"9150200 \u2013 Bremssattel-Reparaturs\u00e4tze - Aller\",\"isPartOf\":{\"@id\":\"https:\/\/allerparts.com\/#website\"},\"primaryImageOfPage\":{\"@id\":\"https:\/\/allerparts.com\/product\/9150200\/#primaryimage\"},\"image\":{\"@id\":\"https:\/\/allerparts.com\/product\/9150200\/#primaryimage\"},\"thumbnailUrl\":\"https:\/\/allerparts.com\/wp-content\/uploads\/2023\/06\/aller-9150200-dikey.png\",\"datePublished\":\"2023-10-14T18:28:56+00:00\",\"dateModified\":\"2023-10-15T11:56:53+00:00\",\"breadcrumb\":{\"@id\":\"https:\/\/allerparts.com\/product\/9150200\/#breadcrumb\"},\"inLanguage\":\"de\",\"potentialAction\":[{\"@type\":\"ReadAction\",\"target\":[\"https:\/\/allerparts.com\/product\/9150200\/\"]}]},{\"@type\":\"ImageObject\",\"inLanguage\":\"de\",\"@id\":\"https:\/\/allerparts.com\/product\/9150200\/#primaryimage\",\"url\":\"https:\/\/allerparts.com\/wp-content\/uploads\/2023\/06\/aller-9150200-dikey.png\",\"contentUrl\":\"https:\/\/allerparts.com\/wp-content\/uploads\/2023\/06\/aller-9150200-dikey.png\",\"width\":1200,\"height\":1502},{\"@type\":\"BreadcrumbList\",\"@id\":\"https:\/\/allerparts.com\/product\/9150200\/#breadcrumb\",\"itemListElement\":[{\"@type\":\"ListItem\",\"position\":1,\"name\":\"Home\",\"item\":\"https:\/\/allerparts.com\/de\/\"},{\"@type\":\"ListItem\",\"position\":2,\"name\":\"Produkte\",\"item\":\"https:\/\/allerparts.com\/de\/products\/\"},{\"@type\":\"ListItem\",\"position\":3,\"name\":\"9150200 \u2013 Bremssattel-Reparaturs\u00e4tze\"}]},{\"@type\":\"WebSite\",\"@id\":\"https:\/\/allerparts.com\/#website\",\"url\":\"https:\/\/allerparts.com\/\",\"name\":\"Aller\",\"description\":\"Aller Parts\",\"potentialAction\":[{\"@type\":\"SearchAction\",\"target\":{\"@type\":\"EntryPoint\",\"urlTemplate\":\"https:\/\/allerparts.com\/?s={search_term_string}\"},\"query-input\":\"required name=search_term_string\"}],\"inLanguage\":\"de\"}]}<\/script>\n<!-- \/ Yoast SEO plugin. -->","yoast_head_json":{"title":"9150200 \u2013 Bremssattel-Reparaturs\u00e4tze - Aller","robots":{"index":"index","follow":"follow","max-snippet":"max-snippet:-1","max-image-preview":"max-image-preview:large","max-video-preview":"max-video-preview:-1"},"canonical":"https:\/\/allerparts.com\/product\/9150200\/","og_locale":"de_DE","og_type":"article","og_title":"9150200 \u2013 Bremssattel-Reparaturs\u00e4tze - Aller","og_description":"NR. BESCHREIBUNG ABMESSUNG MENGE   10241 Caliper Piston Seal \u00d8 60 mm 2   10242 Caliper Piston Boot \u00d8 60 mm 2   10243 Caliper Pin Boot  2   10244 Caliper Pin Cap \u00d8 24 \/ 12 mm 2","og_url":"https:\/\/allerparts.com\/product\/9150200\/","og_site_name":"Aller","article_modified_time":"2023-10-15T11:56:53+00:00","og_image":[{"width":1200,"height":1502,"url":"https:\/\/allerparts.com\/wp-content\/uploads\/2023\/06\/aller-9150200-dikey.png","type":"image\/png"}],"twitter_card":"summary_large_image","twitter_misc":{"Gesch\u00e4tzte Lesezeit":"1\u00a0Minute"},"schema":{"@context":"https:\/\/schema.org","@graph":[{"@type":"WebPage","@id":"https:\/\/allerparts.com\/product\/9150200\/","url":"https:\/\/allerparts.com\/product\/9150200\/","name":"9150200 \u2013 Bremssattel-Reparaturs\u00e4tze - Aller","isPartOf":{"@id":"https:\/\/allerparts.com\/#website"},"primaryImageOfPage":{"@id":"https:\/\/allerparts.com\/product\/9150200\/#primaryimage"},"image":{"@id":"https:\/\/allerparts.com\/product\/9150200\/#primaryimage"},"thumbnailUrl":"https:\/\/allerparts.com\/wp-content\/uploads\/2023\/06\/aller-9150200-dikey.png","datePublished":"2023-10-14T18:28:56+00:00","dateModified":"2023-10-15T11:56:53+00:00","breadcrumb":{"@id":"https:\/\/allerparts.com\/product\/9150200\/#breadcrumb"},"inLanguage":"de","potentialAction":[{"@type":"ReadAction","target":["https:\/\/allerparts.com\/product\/9150200\/"]}]},{"@type":"ImageObject","inLanguage":"de","@id":"https:\/\/allerparts.com\/product\/9150200\/#primaryimage","url":"https:\/\/allerparts.com\/wp-content\/uploads\/2023\/06\/aller-9150200-dikey.png","contentUrl":"https:\/\/allerparts.com\/wp-content\/uploads\/2023\/06\/aller-9150200-dikey.png","width":1200,"height":1502},{"@type":"BreadcrumbList","@id":"https:\/\/allerparts.com\/product\/9150200\/#breadcrumb","itemListElement":[{"@type":"ListItem","position":1,"name":"Home","item":"https:\/\/allerparts.com\/de\/"},{"@type":"ListItem","position":2,"name":"Produkte","item":"https:\/\/allerparts.com\/de\/products\/"},{"@type":"ListItem","position":3,"name":"9150200 \u2013 Bremssattel-Reparaturs\u00e4tze"}]},{"@type":"WebSite","@id":"https:\/\/allerparts.com\/#website","url":"https:\/\/allerparts.com\/","name":"Aller","description":"Aller Parts","potentialAction":[{"@type":"SearchAction","target":{"@type":"EntryPoint","urlTemplate":"https:\/\/allerparts.com\/?s={search_term_string}"},"query-input":"required name=search_term_string"}],"inLanguage":"de"}]}},"jetpack_sharing_enabled":true,"_links":{"self":[{"href":"https:\/\/allerparts.com\/de\/wp-json\/wp\/v2\/product\/5781","targetHints":{"allow":["GET"]}}],"collection":[{"href":"https:\/\/allerparts.com\/de\/wp-json\/wp\/v2\/product"}],"about":[{"href":"https:\/\/allerparts.com\/de\/wp-json\/wp\/v2\/types\/product"}],"wp:featuredmedia":[{"embeddable":true,"href":"https:\/\/allerparts.com\/de\/wp-json\/wp\/v2\/media\/3354"}],"wp:attachment":[{"href":"https:\/\/allerparts.com\/de\/wp-json\/wp\/v2\/media?parent=5781"}],"wp:term":[{"taxonomy":"product_cat","embeddable":true,"href":"https:\/\/allerparts.com\/de\/wp-json\/wp\/v2\/product_cat?post=5781"},{"taxonomy":"product_tag","embeddable":true,"href":"https:\/\/allerparts.com\/de\/wp-json\/wp\/v2\/product_tag?post=5781"}],"curies":[{"name":"wp","href":"https:\/\/api.w.org\/{rel}","templated":true}]}}