{"id":5801,"date":"2023-10-14T22:25:32","date_gmt":"2023-10-14T19:25:32","guid":{"rendered":"https:\/\/allerparts.com\/?post_type=product&#038;p=5801"},"modified":"2023-10-15T15:13:09","modified_gmt":"2023-10-15T12:13:09","slug":"9120126-bremssattel-reparatursaetze","status":"publish","type":"product","link":"https:\/\/allerparts.com\/de\/product\/9120126-bremssattel-reparatursaetze\/","title":{"rendered":"9120126 \u2013 Bremssattel-Reparaturs\u00e4tze"},"content":{"rendered":"<table dir=\"ltr\" border=\"1\" cellspacing=\"0\" cellpadding=\"0\">\n<colgroup>\n<col width=\"100\" \/>\n<col width=\"117\" \/><\/colgroup>\n<tbody>\n<tr>\n<td><\/td>\n<td><\/td>\n<\/tr>\n<tr>\n<td data-sheets-value=\"{&quot;1&quot;:2,&quot;2&quot;:&quot;MERITOR&quot;}\"><strong>MERITOR<\/strong><\/td>\n<td style=\"text-align: center;\" data-sheets-value=\"{&quot;1&quot;:2,&quot;2&quot;:&quot;MCK1309&quot;}\">MCK1309<\/td>\n<\/tr>\n<tr>\n<td data-sheets-value=\"{&quot;1&quot;:2,&quot;2&quot;:&quot;VOLVO&quot;}\"><strong>VOLVO<\/strong><\/td>\n<td style=\"text-align: center;\" data-sheets-value=\"{&quot;1&quot;:3,&quot;3&quot;:85109891}\">85109891<\/td>\n<\/tr>\n<tr>\n<td data-sheets-value=\"{&quot;1&quot;:2,&quot;2&quot;:&quot;RENAULT&quot;}\"><strong>RENAULT<\/strong><\/td>\n<td style=\"text-align: center;\" data-sheets-value=\"{&quot;1&quot;:2,&quot;2&quot;:&quot;5001 866 398&quot;}\">5001 866 398<\/td>\n<\/tr>\n<\/tbody>\n<\/table>\n<p><span style=\"color: #ffffff;\"><strong>RENAULT <\/strong>5001866398<\/span><\/p>\n","protected":false},"excerpt":{"rendered":"<table class=\"alignleft\" dir=\"ltr\" border=\"1\" cellspacing=\"0\" cellpadding=\"0\">\n<colgroup>\n<col width=\"100\" \/>\n<col width=\"212\" \/>\n<col width=\"181\" \/><\/colgroup>\n<tbody>\n<tr>\n<td data-sheets-value=\"{&quot;1&quot;:2,&quot;2&quot;:&quot;NR.&quot;}\"><strong>NR.<\/strong><\/td>\n<td data-sheets-value=\"{&quot;1&quot;:2,&quot;2&quot;:&quot;BESCHREIBUNG&quot;}\"><strong>BESCHREIBUNG<\/strong><\/td>\n<td data-sheets-value=\"{&quot;1&quot;:2,&quot;2&quot;:&quot;ABMESSUNG &quot;}\"><strong>ABMESSUNG<\/strong><\/td>\n<\/tr>\n<tr>\n<td data-sheets-value=\"{&quot;1&quot;:3,&quot;3&quot;:10049}\"><strong>10049<\/strong><\/td>\n<td data-sheets-value=\"{&quot;1&quot;:2,&quot;2&quot;:&quot;St\u00f6\u00dfelmanschette&quot;}\">St\u00f6\u00dfelmanschette<\/td>\n<td><\/td>\n<\/tr>\n<tr>\n<td data-sheets-value=\"{&quot;1&quot;:3,&quot;3&quot;:10154}\"><strong>10154<\/strong><\/td>\n<td data-sheets-value=\"{&quot;1&quot;:2,&quot;2&quot;:&quot;Bremssattelst\u00f6\u00dfel&quot;}\">Bremssattelst\u00f6\u00dfel<\/td>\n<td><\/td>\n<\/tr>\n<tr>\n<td data-sheets-value=\"{&quot;1&quot;:3,&quot;3&quot;:10168}\"><strong>10168<\/strong><\/td>\n<td data-sheets-value=\"{&quot;1&quot;:2,&quot;2&quot;:&quot;Clips&quot;}\">Clips<\/td>\n<td data-sheets-value=\"{&quot;1&quot;:2,&quot;2&quot;:&quot;\u00d834 x 32 x 6,5 mm&quot;}\">\u00d834 x 32 x 6,5 mm<\/td>\n<\/tr>\n<\/tbody>\n<\/table>\n","protected":false},"featured_media":3302,"template":"","meta":[],"product_cat":[529,530,522],"product_tag":[],"class_list":{"0":"post-5801","1":"product","2":"type-product","3":"status-publish","4":"has-post-thumbnail","6":"product_cat-elsa195-225-ex225-de","7":"product_cat-elsa-2-de","8":"product_cat-mrt-de","10":"first","11":"instock","12":"shipping-taxable","13":"purchasable","14":"product-type-woosb"},"yoast_head":"<!-- This site is optimized with the Yoast SEO plugin v22.4 - https:\/\/yoast.com\/wordpress\/plugins\/seo\/ -->\n<title>9120126 \u2013 Bremssattel-Reparaturs\u00e4tze - Aller<\/title>\n<meta name=\"robots\" content=\"index, follow, max-snippet:-1, max-image-preview:large, max-video-preview:-1\" \/>\n<link rel=\"canonical\" href=\"https:\/\/allerparts.com\/product\/9120126\/\" \/>\n<meta property=\"og:locale\" content=\"de_DE\" \/>\n<meta property=\"og:type\" content=\"article\" \/>\n<meta property=\"og:title\" content=\"9120126 \u2013 Bremssattel-Reparaturs\u00e4tze - Aller\" \/>\n<meta property=\"og:description\" content=\"NR. BESCHREIBUNG ABMESSUNG   10049 St\u00f6\u00dfelmanschette    10154 Bremssattelst\u00f6\u00dfel    10168 Clips \u00d834 x 32 x 6,5 mm\" \/>\n<meta property=\"og:url\" content=\"https:\/\/allerparts.com\/product\/9120126\/\" \/>\n<meta property=\"og:site_name\" content=\"Aller\" \/>\n<meta property=\"article:modified_time\" content=\"2023-10-15T12:13:09+00:00\" \/>\n<meta property=\"og:image\" content=\"https:\/\/allerparts.com\/wp-content\/uploads\/2023\/06\/aller-9120126-dikey.png\" \/>\n\t<meta property=\"og:image:width\" content=\"1200\" \/>\n\t<meta property=\"og:image:height\" content=\"1502\" \/>\n\t<meta property=\"og:image:type\" content=\"image\/png\" \/>\n<meta name=\"twitter:card\" content=\"summary_large_image\" \/>\n<meta name=\"twitter:label1\" content=\"Gesch\u00e4tzte Lesezeit\" \/>\n\t<meta name=\"twitter:data1\" content=\"1\u00a0Minute\" \/>\n<script type=\"application\/ld+json\" class=\"yoast-schema-graph\">{\"@context\":\"https:\/\/schema.org\",\"@graph\":[{\"@type\":\"WebPage\",\"@id\":\"https:\/\/allerparts.com\/product\/9120126\/\",\"url\":\"https:\/\/allerparts.com\/product\/9120126\/\",\"name\":\"9120126 \u2013 Bremssattel-Reparaturs\u00e4tze - Aller\",\"isPartOf\":{\"@id\":\"https:\/\/allerparts.com\/#website\"},\"primaryImageOfPage\":{\"@id\":\"https:\/\/allerparts.com\/product\/9120126\/#primaryimage\"},\"image\":{\"@id\":\"https:\/\/allerparts.com\/product\/9120126\/#primaryimage\"},\"thumbnailUrl\":\"https:\/\/allerparts.com\/wp-content\/uploads\/2023\/06\/aller-9120126-dikey.png\",\"datePublished\":\"2023-10-14T19:25:32+00:00\",\"dateModified\":\"2023-10-15T12:13:09+00:00\",\"breadcrumb\":{\"@id\":\"https:\/\/allerparts.com\/product\/9120126\/#breadcrumb\"},\"inLanguage\":\"de\",\"potentialAction\":[{\"@type\":\"ReadAction\",\"target\":[\"https:\/\/allerparts.com\/product\/9120126\/\"]}]},{\"@type\":\"ImageObject\",\"inLanguage\":\"de\",\"@id\":\"https:\/\/allerparts.com\/product\/9120126\/#primaryimage\",\"url\":\"https:\/\/allerparts.com\/wp-content\/uploads\/2023\/06\/aller-9120126-dikey.png\",\"contentUrl\":\"https:\/\/allerparts.com\/wp-content\/uploads\/2023\/06\/aller-9120126-dikey.png\",\"width\":1200,\"height\":1502},{\"@type\":\"BreadcrumbList\",\"@id\":\"https:\/\/allerparts.com\/product\/9120126\/#breadcrumb\",\"itemListElement\":[{\"@type\":\"ListItem\",\"position\":1,\"name\":\"Home\",\"item\":\"https:\/\/allerparts.com\/de\/\"},{\"@type\":\"ListItem\",\"position\":2,\"name\":\"Produkte\",\"item\":\"https:\/\/allerparts.com\/de\/products\/\"},{\"@type\":\"ListItem\",\"position\":3,\"name\":\"9120126 \u2013 Bremssattel-Reparaturs\u00e4tze\"}]},{\"@type\":\"WebSite\",\"@id\":\"https:\/\/allerparts.com\/#website\",\"url\":\"https:\/\/allerparts.com\/\",\"name\":\"Aller\",\"description\":\"Aller Parts\",\"potentialAction\":[{\"@type\":\"SearchAction\",\"target\":{\"@type\":\"EntryPoint\",\"urlTemplate\":\"https:\/\/allerparts.com\/?s={search_term_string}\"},\"query-input\":\"required name=search_term_string\"}],\"inLanguage\":\"de\"}]}<\/script>\n<!-- \/ Yoast SEO plugin. -->","yoast_head_json":{"title":"9120126 \u2013 Bremssattel-Reparaturs\u00e4tze - Aller","robots":{"index":"index","follow":"follow","max-snippet":"max-snippet:-1","max-image-preview":"max-image-preview:large","max-video-preview":"max-video-preview:-1"},"canonical":"https:\/\/allerparts.com\/product\/9120126\/","og_locale":"de_DE","og_type":"article","og_title":"9120126 \u2013 Bremssattel-Reparaturs\u00e4tze - Aller","og_description":"NR. BESCHREIBUNG ABMESSUNG   10049 St\u00f6\u00dfelmanschette    10154 Bremssattelst\u00f6\u00dfel    10168 Clips \u00d834 x 32 x 6,5 mm","og_url":"https:\/\/allerparts.com\/product\/9120126\/","og_site_name":"Aller","article_modified_time":"2023-10-15T12:13:09+00:00","og_image":[{"width":1200,"height":1502,"url":"https:\/\/allerparts.com\/wp-content\/uploads\/2023\/06\/aller-9120126-dikey.png","type":"image\/png"}],"twitter_card":"summary_large_image","twitter_misc":{"Gesch\u00e4tzte Lesezeit":"1\u00a0Minute"},"schema":{"@context":"https:\/\/schema.org","@graph":[{"@type":"WebPage","@id":"https:\/\/allerparts.com\/product\/9120126\/","url":"https:\/\/allerparts.com\/product\/9120126\/","name":"9120126 \u2013 Bremssattel-Reparaturs\u00e4tze - Aller","isPartOf":{"@id":"https:\/\/allerparts.com\/#website"},"primaryImageOfPage":{"@id":"https:\/\/allerparts.com\/product\/9120126\/#primaryimage"},"image":{"@id":"https:\/\/allerparts.com\/product\/9120126\/#primaryimage"},"thumbnailUrl":"https:\/\/allerparts.com\/wp-content\/uploads\/2023\/06\/aller-9120126-dikey.png","datePublished":"2023-10-14T19:25:32+00:00","dateModified":"2023-10-15T12:13:09+00:00","breadcrumb":{"@id":"https:\/\/allerparts.com\/product\/9120126\/#breadcrumb"},"inLanguage":"de","potentialAction":[{"@type":"ReadAction","target":["https:\/\/allerparts.com\/product\/9120126\/"]}]},{"@type":"ImageObject","inLanguage":"de","@id":"https:\/\/allerparts.com\/product\/9120126\/#primaryimage","url":"https:\/\/allerparts.com\/wp-content\/uploads\/2023\/06\/aller-9120126-dikey.png","contentUrl":"https:\/\/allerparts.com\/wp-content\/uploads\/2023\/06\/aller-9120126-dikey.png","width":1200,"height":1502},{"@type":"BreadcrumbList","@id":"https:\/\/allerparts.com\/product\/9120126\/#breadcrumb","itemListElement":[{"@type":"ListItem","position":1,"name":"Home","item":"https:\/\/allerparts.com\/de\/"},{"@type":"ListItem","position":2,"name":"Produkte","item":"https:\/\/allerparts.com\/de\/products\/"},{"@type":"ListItem","position":3,"name":"9120126 \u2013 Bremssattel-Reparaturs\u00e4tze"}]},{"@type":"WebSite","@id":"https:\/\/allerparts.com\/#website","url":"https:\/\/allerparts.com\/","name":"Aller","description":"Aller Parts","potentialAction":[{"@type":"SearchAction","target":{"@type":"EntryPoint","urlTemplate":"https:\/\/allerparts.com\/?s={search_term_string}"},"query-input":"required name=search_term_string"}],"inLanguage":"de"}]}},"jetpack_sharing_enabled":true,"_links":{"self":[{"href":"https:\/\/allerparts.com\/de\/wp-json\/wp\/v2\/product\/5801","targetHints":{"allow":["GET"]}}],"collection":[{"href":"https:\/\/allerparts.com\/de\/wp-json\/wp\/v2\/product"}],"about":[{"href":"https:\/\/allerparts.com\/de\/wp-json\/wp\/v2\/types\/product"}],"wp:featuredmedia":[{"embeddable":true,"href":"https:\/\/allerparts.com\/de\/wp-json\/wp\/v2\/media\/3302"}],"wp:attachment":[{"href":"https:\/\/allerparts.com\/de\/wp-json\/wp\/v2\/media?parent=5801"}],"wp:term":[{"taxonomy":"product_cat","embeddable":true,"href":"https:\/\/allerparts.com\/de\/wp-json\/wp\/v2\/product_cat?post=5801"},{"taxonomy":"product_tag","embeddable":true,"href":"https:\/\/allerparts.com\/de\/wp-json\/wp\/v2\/product_tag?post=5801"}],"curies":[{"name":"wp","href":"https:\/\/api.w.org\/{rel}","templated":true}]}}