{"id":5844,"date":"2023-10-14T23:56:36","date_gmt":"2023-10-14T20:56:36","guid":{"rendered":"https:\/\/allerparts.com\/?post_type=product&#038;p=5844"},"modified":"2023-10-30T11:33:20","modified_gmt":"2023-10-30T08:33:20","slug":"9110141-bremssattel-reparatursaetze","status":"publish","type":"product","link":"https:\/\/allerparts.com\/de\/product\/9110141-bremssattel-reparatursaetze\/","title":{"rendered":"9110141 \u2013 Bremssattel-Reparaturs\u00e4tze"},"content":{"rendered":"","protected":false},"excerpt":{"rendered":"<table class=\"aligncenter\" dir=\"ltr\" border=\"1\" cellspacing=\"0\" cellpadding=\"0\">\n<colgroup>\n<col width=\"100\" \/>\n<col width=\"212\" \/>\n<col width=\"181\" \/>\n<col width=\"73\" \/><\/colgroup>\n<tbody>\n<tr>\n<td data-sheets-value=\"{&quot;1&quot;:2,&quot;2&quot;:&quot;NR.&quot;}\"><strong>NR.<\/strong><\/td>\n<td data-sheets-value=\"{&quot;1&quot;:2,&quot;2&quot;:&quot;BESCHREIBUNG&quot;}\"><strong>BESCHREIBUNG<\/strong><\/td>\n<td data-sheets-value=\"{&quot;1&quot;:2,&quot;2&quot;:&quot;ABMESSUNG &quot;}\"><strong>ABMESSUNG<\/strong><\/td>\n<td data-sheets-value=\"{&quot;1&quot;:2,&quot;2&quot;:&quot;MENGE&quot;}\"><strong>MENGE<\/strong><\/td>\n<\/tr>\n<tr>\n<td data-sheets-value=\"{&quot;1&quot;:3,&quot;3&quot;:9110101}\"><strong>9110101<\/strong><\/td>\n<td data-sheets-value=\"{&quot;1&quot;:2,&quot;2&quot;:&quot;Kalibrierungsbolzen&quot;}\">Kalibrierungsbolzen<\/td>\n<td><\/td>\n<td data-sheets-value=\"{&quot;1&quot;:3,&quot;3&quot;:2}\">2<\/td>\n<\/tr>\n<tr>\n<td data-sheets-value=\"{&quot;1&quot;:3,&quot;3&quot;:9110152}\"><strong>9110152<\/strong><\/td>\n<td data-sheets-value=\"{&quot;1&quot;:2,&quot;2&quot;:&quot;Bremssattelwellengeh\u00e4use&quot;}\">Bremssattelwellengeh\u00e4use<\/td>\n<td><\/td>\n<td data-sheets-value=\"{&quot;1&quot;:3,&quot;3&quot;:1}\">1<\/td>\n<\/tr>\n<tr>\n<td data-sheets-value=\"{&quot;1&quot;:3,&quot;3&quot;:9120110}\"><strong>9120110<\/strong><\/td>\n<td data-sheets-value=\"{&quot;1&quot;:2,&quot;2&quot;:&quot;Hebel&quot;}\">Hebel<\/td>\n<td><\/td>\n<td data-sheets-value=\"{&quot;1&quot;:3,&quot;3&quot;:1}\">1<\/td>\n<\/tr>\n<tr>\n<td data-sheets-value=\"{&quot;1&quot;:3,&quot;3&quot;:9110104}\"><strong>9110104<\/strong><\/td>\n<td data-sheets-value=\"{&quot;1&quot;:2,&quot;2&quot;:&quot;Bremssattel-Kalibrierungswellenkette \u2013 29 Glieder&quot;}\">Bremssattel-Kalibrierungswellenkette \u2013 29 Glieder<\/td>\n<td><\/td>\n<td data-sheets-value=\"{&quot;1&quot;:3,&quot;3&quot;:1}\">1<\/td>\n<\/tr>\n<tr>\n<td data-sheets-value=\"{&quot;1&quot;:3,&quot;3&quot;:9110100}\"><strong>9110100<\/strong><\/td>\n<td data-sheets-value=\"{&quot;1&quot;:2,&quot;2&quot;:&quot;Reparatursatz f\u00fcr Bremssattelst\u00f6\u00dfel&quot;}\">Reparatursatz f\u00fcr Bremssattelst\u00f6\u00dfel<\/td>\n<td data-sheets-value=\"{&quot;1&quot;:2,&quot;2&quot;:&quot;69 mm&quot;}\">69 mm<\/td>\n<td data-sheets-value=\"{&quot;1&quot;:3,&quot;3&quot;:1}\">1<\/td>\n<\/tr>\n<tr>\n<td data-sheets-value=\"{&quot;1&quot;:3,&quot;3&quot;:9110106}\"><strong>9110106<\/strong><\/td>\n<td data-sheets-value=\"{&quot;1&quot;:2,&quot;2&quot;:&quot;Bremssattelrollenlager&quot;}\">Bremssattelrollenlager<\/td>\n<td><\/td>\n<td><\/td>\n<\/tr>\n<tr>\n<td data-sheets-value=\"{&quot;1&quot;:3,&quot;3&quot;:9110107}\"><strong>9110107<\/strong><\/td>\n<td data-sheets-value=\"{&quot;1&quot;:2,&quot;2&quot;:&quot;Bremssattel-Einstellmechanismus \u2013 Kunststoffgeh\u00e4use&quot;}\">Bremssattel-Einstellmechanismus \u2013 Kunststoffgeh\u00e4use<\/td>\n<td><\/td>\n<td><\/td>\n<\/tr>\n<tr>\n<td data-sheets-value=\"{&quot;1&quot;:3,&quot;3&quot;:9110102}\"><strong>9110102<\/strong><\/td>\n<td data-sheets-value=\"{&quot;1&quot;:2,&quot;2&quot;:&quot;Bremssattel-Einstellmechanismus \u2013 Sechskantkopf&quot;}\">Bremssattel-Einstellmechanismus \u2013 Sechskantkopf<\/td>\n<td><\/td>\n<td><\/td>\n<\/tr>\n<\/tbody>\n<\/table>\n","protected":false},"featured_media":3203,"template":"","meta":[],"product_cat":[504,510],"product_tag":[],"class_list":{"0":"post-5844","1":"product","2":"type-product","3":"status-publish","4":"has-post-thumbnail","6":"product_cat-knr-de","7":"product_cat-sn6-sn7-sk7-de","9":"first","10":"instock","11":"shipping-taxable","12":"purchasable","13":"product-type-woosb"},"yoast_head":"<!-- This site is optimized with the Yoast SEO plugin v22.4 - https:\/\/yoast.com\/wordpress\/plugins\/seo\/ -->\n<title>9110141 \u2013 Bremssattel-Reparaturs\u00e4tze - Aller<\/title>\n<meta name=\"robots\" content=\"index, follow, max-snippet:-1, max-image-preview:large, max-video-preview:-1\" \/>\n<link rel=\"canonical\" href=\"https:\/\/allerparts.com\/product\/9110141\/\" \/>\n<meta property=\"og:locale\" content=\"de_DE\" \/>\n<meta property=\"og:type\" content=\"article\" \/>\n<meta property=\"og:title\" content=\"9110141 \u2013 Bremssattel-Reparaturs\u00e4tze - Aller\" \/>\n<meta property=\"og:description\" content=\"NR. BESCHREIBUNG ABMESSUNG MENGE   9110101 Kalibrierungsbolzen  2   9110152 Bremssattelwellengeh\u00e4use  1   9120110 Hebel  1   9110104 Bremssattel-Kalibrierungswellenkette \u2013 29 Glieder  1   9110100 Reparatursatz f\u00fcr Bremssattelst\u00f6\u00dfel 69 mm 1   9110106 Bremssattelrollenlager     9110107 Bremssattel-Einstellmechanismus \u2013 Kunststoffgeh\u00e4use     9110102 Bremssattel-Einstellmechanismus \u2013 Sechskantkopf\" \/>\n<meta property=\"og:url\" content=\"https:\/\/allerparts.com\/product\/9110141\/\" \/>\n<meta property=\"og:site_name\" content=\"Aller\" \/>\n<meta property=\"article:modified_time\" content=\"2023-10-30T08:33:20+00:00\" \/>\n<meta property=\"og:image\" content=\"https:\/\/allerparts.com\/wp-content\/uploads\/2023\/06\/aller-9110141-dikey.png\" \/>\n\t<meta property=\"og:image:width\" content=\"1200\" \/>\n\t<meta property=\"og:image:height\" content=\"1502\" \/>\n\t<meta property=\"og:image:type\" content=\"image\/png\" \/>\n<meta name=\"twitter:card\" content=\"summary_large_image\" \/>\n<script type=\"application\/ld+json\" class=\"yoast-schema-graph\">{\"@context\":\"https:\/\/schema.org\",\"@graph\":[{\"@type\":\"WebPage\",\"@id\":\"https:\/\/allerparts.com\/product\/9110141\/\",\"url\":\"https:\/\/allerparts.com\/product\/9110141\/\",\"name\":\"9110141 \u2013 Bremssattel-Reparaturs\u00e4tze - Aller\",\"isPartOf\":{\"@id\":\"https:\/\/allerparts.com\/#website\"},\"primaryImageOfPage\":{\"@id\":\"https:\/\/allerparts.com\/product\/9110141\/#primaryimage\"},\"image\":{\"@id\":\"https:\/\/allerparts.com\/product\/9110141\/#primaryimage\"},\"thumbnailUrl\":\"https:\/\/allerparts.com\/wp-content\/uploads\/2023\/06\/aller-9110141-dikey.png\",\"datePublished\":\"2023-10-14T20:56:36+00:00\",\"dateModified\":\"2023-10-30T08:33:20+00:00\",\"breadcrumb\":{\"@id\":\"https:\/\/allerparts.com\/product\/9110141\/#breadcrumb\"},\"inLanguage\":\"de\",\"potentialAction\":[{\"@type\":\"ReadAction\",\"target\":[\"https:\/\/allerparts.com\/product\/9110141\/\"]}]},{\"@type\":\"ImageObject\",\"inLanguage\":\"de\",\"@id\":\"https:\/\/allerparts.com\/product\/9110141\/#primaryimage\",\"url\":\"https:\/\/allerparts.com\/wp-content\/uploads\/2023\/06\/aller-9110141-dikey.png\",\"contentUrl\":\"https:\/\/allerparts.com\/wp-content\/uploads\/2023\/06\/aller-9110141-dikey.png\",\"width\":1200,\"height\":1502},{\"@type\":\"BreadcrumbList\",\"@id\":\"https:\/\/allerparts.com\/product\/9110141\/#breadcrumb\",\"itemListElement\":[{\"@type\":\"ListItem\",\"position\":1,\"name\":\"Home\",\"item\":\"https:\/\/allerparts.com\/de\/\"},{\"@type\":\"ListItem\",\"position\":2,\"name\":\"Produkte\",\"item\":\"https:\/\/allerparts.com\/de\/products\/\"},{\"@type\":\"ListItem\",\"position\":3,\"name\":\"9110141 \u2013 Bremssattel-Reparaturs\u00e4tze\"}]},{\"@type\":\"WebSite\",\"@id\":\"https:\/\/allerparts.com\/#website\",\"url\":\"https:\/\/allerparts.com\/\",\"name\":\"Aller\",\"description\":\"Aller Parts\",\"potentialAction\":[{\"@type\":\"SearchAction\",\"target\":{\"@type\":\"EntryPoint\",\"urlTemplate\":\"https:\/\/allerparts.com\/?s={search_term_string}\"},\"query-input\":\"required name=search_term_string\"}],\"inLanguage\":\"de\"}]}<\/script>\n<!-- \/ Yoast SEO plugin. -->","yoast_head_json":{"title":"9110141 \u2013 Bremssattel-Reparaturs\u00e4tze - Aller","robots":{"index":"index","follow":"follow","max-snippet":"max-snippet:-1","max-image-preview":"max-image-preview:large","max-video-preview":"max-video-preview:-1"},"canonical":"https:\/\/allerparts.com\/product\/9110141\/","og_locale":"de_DE","og_type":"article","og_title":"9110141 \u2013 Bremssattel-Reparaturs\u00e4tze - Aller","og_description":"NR. BESCHREIBUNG ABMESSUNG MENGE   9110101 Kalibrierungsbolzen  2   9110152 Bremssattelwellengeh\u00e4use  1   9120110 Hebel  1   9110104 Bremssattel-Kalibrierungswellenkette \u2013 29 Glieder  1   9110100 Reparatursatz f\u00fcr Bremssattelst\u00f6\u00dfel 69 mm 1   9110106 Bremssattelrollenlager     9110107 Bremssattel-Einstellmechanismus \u2013 Kunststoffgeh\u00e4use     9110102 Bremssattel-Einstellmechanismus \u2013 Sechskantkopf","og_url":"https:\/\/allerparts.com\/product\/9110141\/","og_site_name":"Aller","article_modified_time":"2023-10-30T08:33:20+00:00","og_image":[{"width":1200,"height":1502,"url":"https:\/\/allerparts.com\/wp-content\/uploads\/2023\/06\/aller-9110141-dikey.png","type":"image\/png"}],"twitter_card":"summary_large_image","schema":{"@context":"https:\/\/schema.org","@graph":[{"@type":"WebPage","@id":"https:\/\/allerparts.com\/product\/9110141\/","url":"https:\/\/allerparts.com\/product\/9110141\/","name":"9110141 \u2013 Bremssattel-Reparaturs\u00e4tze - Aller","isPartOf":{"@id":"https:\/\/allerparts.com\/#website"},"primaryImageOfPage":{"@id":"https:\/\/allerparts.com\/product\/9110141\/#primaryimage"},"image":{"@id":"https:\/\/allerparts.com\/product\/9110141\/#primaryimage"},"thumbnailUrl":"https:\/\/allerparts.com\/wp-content\/uploads\/2023\/06\/aller-9110141-dikey.png","datePublished":"2023-10-14T20:56:36+00:00","dateModified":"2023-10-30T08:33:20+00:00","breadcrumb":{"@id":"https:\/\/allerparts.com\/product\/9110141\/#breadcrumb"},"inLanguage":"de","potentialAction":[{"@type":"ReadAction","target":["https:\/\/allerparts.com\/product\/9110141\/"]}]},{"@type":"ImageObject","inLanguage":"de","@id":"https:\/\/allerparts.com\/product\/9110141\/#primaryimage","url":"https:\/\/allerparts.com\/wp-content\/uploads\/2023\/06\/aller-9110141-dikey.png","contentUrl":"https:\/\/allerparts.com\/wp-content\/uploads\/2023\/06\/aller-9110141-dikey.png","width":1200,"height":1502},{"@type":"BreadcrumbList","@id":"https:\/\/allerparts.com\/product\/9110141\/#breadcrumb","itemListElement":[{"@type":"ListItem","position":1,"name":"Home","item":"https:\/\/allerparts.com\/de\/"},{"@type":"ListItem","position":2,"name":"Produkte","item":"https:\/\/allerparts.com\/de\/products\/"},{"@type":"ListItem","position":3,"name":"9110141 \u2013 Bremssattel-Reparaturs\u00e4tze"}]},{"@type":"WebSite","@id":"https:\/\/allerparts.com\/#website","url":"https:\/\/allerparts.com\/","name":"Aller","description":"Aller Parts","potentialAction":[{"@type":"SearchAction","target":{"@type":"EntryPoint","urlTemplate":"https:\/\/allerparts.com\/?s={search_term_string}"},"query-input":"required name=search_term_string"}],"inLanguage":"de"}]}},"jetpack_sharing_enabled":true,"_links":{"self":[{"href":"https:\/\/allerparts.com\/de\/wp-json\/wp\/v2\/product\/5844","targetHints":{"allow":["GET"]}}],"collection":[{"href":"https:\/\/allerparts.com\/de\/wp-json\/wp\/v2\/product"}],"about":[{"href":"https:\/\/allerparts.com\/de\/wp-json\/wp\/v2\/types\/product"}],"wp:featuredmedia":[{"embeddable":true,"href":"https:\/\/allerparts.com\/de\/wp-json\/wp\/v2\/media\/3203"}],"wp:attachment":[{"href":"https:\/\/allerparts.com\/de\/wp-json\/wp\/v2\/media?parent=5844"}],"wp:term":[{"taxonomy":"product_cat","embeddable":true,"href":"https:\/\/allerparts.com\/de\/wp-json\/wp\/v2\/product_cat?post=5844"},{"taxonomy":"product_tag","embeddable":true,"href":"https:\/\/allerparts.com\/de\/wp-json\/wp\/v2\/product_tag?post=5844"}],"curies":[{"name":"wp","href":"https:\/\/api.w.org\/{rel}","templated":true}]}}