{"id":5919,"date":"2023-10-15T02:17:41","date_gmt":"2023-10-14T23:17:41","guid":{"rendered":"https:\/\/allerparts.com\/?post_type=product&#038;p=5919"},"modified":"2023-10-15T12:58:43","modified_gmt":"2023-10-15T09:58:43","slug":"9110115-bremssattel-reparatursaetze","status":"publish","type":"product","link":"https:\/\/allerparts.com\/de\/product\/9110115-bremssattel-reparatursaetze\/","title":{"rendered":"9110115 \u2013 Bremssattel-Reparaturs\u00e4tze"},"content":{"rendered":"<table dir=\"ltr\" border=\"1\" cellspacing=\"0\" cellpadding=\"0\">\n<colgroup>\n<col width=\"100\" \/>\n<col width=\"117\" \/><\/colgroup>\n<tbody>\n<tr>\n<td><\/td>\n<td><\/td>\n<\/tr>\n<tr>\n<td data-sheets-value=\"{&quot;1&quot;:2,&quot;2&quot;:&quot;KNORR&quot;}\"><strong>KNORR<\/strong><\/td>\n<td style=\"text-align: center;\" data-sheets-value=\"{&quot;1&quot;:2,&quot;2&quot;:&quot;K001928&quot;}\">K001928<\/td>\n<\/tr>\n<tr>\n<td data-sheets-value=\"{&quot;1&quot;:2,&quot;2&quot;:&quot;MAN&quot;}\"><strong>MAN<\/strong><\/td>\n<td style=\"text-align: center;\" data-sheets-value=\"{&quot;1&quot;:3,&quot;3&quot;:81508226026}\">81508226026<\/td>\n<\/tr>\n<\/tbody>\n<\/table>\n<p>&nbsp;<\/p>\n","protected":false},"excerpt":{"rendered":"<table class=\"alignleft\" dir=\"ltr\" border=\"1\" cellspacing=\"0\" cellpadding=\"0\">\n<colgroup>\n<col width=\"100\" \/>\n<col width=\"212\" \/>\n<col width=\"181\" \/><\/colgroup>\n<tbody>\n<tr>\n<td data-sheets-value=\"{&quot;1&quot;:2,&quot;2&quot;:&quot;NR.&quot;}\"><strong>NR.<\/strong><\/td>\n<td data-sheets-value=\"{&quot;1&quot;:2,&quot;2&quot;:&quot;BESCHREIBUNG&quot;}\"><strong>BESCHREIBUNG<\/strong><\/td>\n<td data-sheets-value=\"{&quot;1&quot;:2,&quot;2&quot;:&quot;ABMESSUNG &quot;}\"><strong>ABMESSUNG<\/strong><\/td>\n<\/tr>\n<tr>\n<td data-sheets-value=\"{&quot;1&quot;:3,&quot;3&quot;:10013}\"><strong>10013<\/strong><\/td>\n<td data-sheets-value=\"{&quot;1&quot;:2,&quot;2&quot;:&quot;Stift&quot;}\">Stift<\/td>\n<td data-sheets-value=\"{&quot;1&quot;:2,&quot;2&quot;:&quot;\u00d8 30 \/ 99 mm&quot;}\">\u00d8 30 \/ 99 mm<\/td>\n<\/tr>\n<tr>\n<td data-sheets-value=\"{&quot;1&quot;:3,&quot;3&quot;:10037}\"><strong>10037<\/strong><\/td>\n<td data-sheets-value=\"{&quot;1&quot;:2,&quot;2&quot;:&quot;Schrauben&quot;}\">Schrauben<\/td>\n<td data-sheets-value=\"{&quot;1&quot;:2,&quot;2&quot;:&quot;M16 x 1.5 \/ 105 mm&quot;}\">M16 x 1.5 \/ 105 mm<\/td>\n<\/tr>\n<tr>\n<td data-sheets-value=\"{&quot;1&quot;:3,&quot;3&quot;:10014}\"><strong>10014<\/strong><\/td>\n<td data-sheets-value=\"{&quot;1&quot;:2,&quot;2&quot;:&quot;Stift&quot;}\">Stift<\/td>\n<td data-sheets-value=\"{&quot;1&quot;:2,&quot;2&quot;:&quot;\u00d8 30 \/ 72 mm&quot;}\">\u00d8 30 \/ 72 mm<\/td>\n<\/tr>\n<tr>\n<td data-sheets-value=\"{&quot;1&quot;:3,&quot;3&quot;:10047}\"><strong>10047<\/strong><\/td>\n<td data-sheets-value=\"{&quot;1&quot;:2,&quot;2&quot;:&quot;Schrauben&quot;}\">Schrauben<\/td>\n<td data-sheets-value=\"{&quot;1&quot;:2,&quot;2&quot;:&quot;M16 x 1.5 \/ 75 mm&quot;}\">M16 x 1.5 \/ 75 mm<\/td>\n<\/tr>\n<tr>\n<td data-sheets-value=\"{&quot;1&quot;:3,&quot;3&quot;:10079}\"><strong>10079<\/strong><\/td>\n<td data-sheets-value=\"{&quot;1&quot;:2,&quot;2&quot;:&quot;Pin-Ring&quot;}\">Pin-Ring<\/td>\n<td><\/td>\n<\/tr>\n<tr>\n<td data-sheets-value=\"{&quot;1&quot;:3,&quot;3&quot;:10081}\"><strong>10081<\/strong><\/td>\n<td data-sheets-value=\"{&quot;1&quot;:2,&quot;2&quot;:&quot;Busch&quot;}\">Busch<\/td>\n<td data-sheets-value=\"{&quot;1&quot;:2,&quot;2&quot;:&quot;\u00d8 30 x 34 \/ 65 mm&quot;}\">\u00d8 30 x 34 \/ 65 mm<\/td>\n<\/tr>\n<tr>\n<td data-sheets-value=\"{&quot;1&quot;:3,&quot;3&quot;:10099}\"><strong>10099<\/strong><\/td>\n<td data-sheets-value=\"{&quot;1&quot;:2,&quot;2&quot;:&quot;Pin-Kappe&quot;}\">Pin-Kappe<\/td>\n<td data-sheets-value=\"{&quot;1&quot;:2,&quot;2&quot;:&quot;\u00d8 34 \/ 14 mm&quot;}\">\u00d8 34 \/ 14 mm<\/td>\n<\/tr>\n<tr>\n<td data-sheets-value=\"{&quot;1&quot;:3,&quot;3&quot;:10055}\"><strong>10055<\/strong><\/td>\n<td data-sheets-value=\"{&quot;1&quot;:2,&quot;2&quot;:&quot;St\u00f6\u00dfelmanschette&quot;}\">St\u00f6\u00dfelmanschette<\/td>\n<td><\/td>\n<\/tr>\n<tr>\n<td data-sheets-value=\"{&quot;1&quot;:3,&quot;3&quot;:10080}\"><strong>10080<\/strong><\/td>\n<td data-sheets-value=\"{&quot;1&quot;:2,&quot;2&quot;:&quot;Busch&quot;}\">Busch<\/td>\n<td data-sheets-value=\"{&quot;1&quot;:2,&quot;2&quot;:&quot;\u00d8 30 x 34 \/ 25 mm&quot;}\">\u00d8 30 x 34 \/ 25 mm<\/td>\n<\/tr>\n<\/tbody>\n<\/table>\n","protected":false},"featured_media":3018,"template":"","meta":[],"product_cat":[504,509],"product_tag":[],"class_list":{"0":"post-5919","1":"product","2":"type-product","3":"status-publish","4":"has-post-thumbnail","6":"product_cat-knr-de","7":"product_cat-sn5-de","9":"first","10":"instock","11":"shipping-taxable","12":"purchasable","13":"product-type-woosb"},"yoast_head":"<!-- This site is optimized with the Yoast SEO plugin v22.4 - https:\/\/yoast.com\/wordpress\/plugins\/seo\/ -->\n<title>9110115 \u2013 Bremssattel-Reparaturs\u00e4tze - Aller<\/title>\n<meta name=\"robots\" content=\"index, follow, max-snippet:-1, max-image-preview:large, max-video-preview:-1\" \/>\n<link rel=\"canonical\" href=\"https:\/\/allerparts.com\/product\/9110115\/\" \/>\n<meta property=\"og:locale\" content=\"de_DE\" \/>\n<meta property=\"og:type\" content=\"article\" \/>\n<meta property=\"og:title\" content=\"9110115 \u2013 Bremssattel-Reparaturs\u00e4tze - Aller\" \/>\n<meta property=\"og:description\" content=\"NR. BESCHREIBUNG ABMESSUNG   10013 Stift \u00d8 30 \/ 99 mm   10037 Schrauben M16 x 1.5 \/ 105 mm   10014 Stift \u00d8 30 \/ 72 mm   10047 Schrauben M16 x 1.5 \/ 75 mm   10079 Pin-Ring    10081 Busch \u00d8 30 x 34 \/ 65 mm   10099 Pin-Kappe \u00d8 34 \/ 14 mm   10055 St\u00f6\u00dfelmanschette    10080 Busch \u00d8 30 x 34 \/ 25 mm\" \/>\n<meta property=\"og:url\" content=\"https:\/\/allerparts.com\/product\/9110115\/\" \/>\n<meta property=\"og:site_name\" content=\"Aller\" \/>\n<meta property=\"article:modified_time\" content=\"2023-10-15T09:58:43+00:00\" \/>\n<meta property=\"og:image\" content=\"https:\/\/allerparts.com\/wp-content\/uploads\/2023\/06\/aller-9110115-dikey.png\" \/>\n\t<meta property=\"og:image:width\" content=\"1200\" \/>\n\t<meta property=\"og:image:height\" content=\"1502\" \/>\n\t<meta property=\"og:image:type\" content=\"image\/png\" \/>\n<meta name=\"twitter:card\" content=\"summary_large_image\" \/>\n<meta name=\"twitter:label1\" content=\"Gesch\u00e4tzte Lesezeit\" \/>\n\t<meta name=\"twitter:data1\" content=\"1\u00a0Minute\" \/>\n<script type=\"application\/ld+json\" class=\"yoast-schema-graph\">{\"@context\":\"https:\/\/schema.org\",\"@graph\":[{\"@type\":\"WebPage\",\"@id\":\"https:\/\/allerparts.com\/product\/9110115\/\",\"url\":\"https:\/\/allerparts.com\/product\/9110115\/\",\"name\":\"9110115 \u2013 Bremssattel-Reparaturs\u00e4tze - Aller\",\"isPartOf\":{\"@id\":\"https:\/\/allerparts.com\/#website\"},\"primaryImageOfPage\":{\"@id\":\"https:\/\/allerparts.com\/product\/9110115\/#primaryimage\"},\"image\":{\"@id\":\"https:\/\/allerparts.com\/product\/9110115\/#primaryimage\"},\"thumbnailUrl\":\"https:\/\/allerparts.com\/wp-content\/uploads\/2023\/06\/aller-9110115-dikey.png\",\"datePublished\":\"2023-10-14T23:17:41+00:00\",\"dateModified\":\"2023-10-15T09:58:43+00:00\",\"breadcrumb\":{\"@id\":\"https:\/\/allerparts.com\/product\/9110115\/#breadcrumb\"},\"inLanguage\":\"de\",\"potentialAction\":[{\"@type\":\"ReadAction\",\"target\":[\"https:\/\/allerparts.com\/product\/9110115\/\"]}]},{\"@type\":\"ImageObject\",\"inLanguage\":\"de\",\"@id\":\"https:\/\/allerparts.com\/product\/9110115\/#primaryimage\",\"url\":\"https:\/\/allerparts.com\/wp-content\/uploads\/2023\/06\/aller-9110115-dikey.png\",\"contentUrl\":\"https:\/\/allerparts.com\/wp-content\/uploads\/2023\/06\/aller-9110115-dikey.png\",\"width\":1200,\"height\":1502},{\"@type\":\"BreadcrumbList\",\"@id\":\"https:\/\/allerparts.com\/product\/9110115\/#breadcrumb\",\"itemListElement\":[{\"@type\":\"ListItem\",\"position\":1,\"name\":\"Home\",\"item\":\"https:\/\/allerparts.com\/de\/\"},{\"@type\":\"ListItem\",\"position\":2,\"name\":\"Produkte\",\"item\":\"https:\/\/allerparts.com\/de\/products\/\"},{\"@type\":\"ListItem\",\"position\":3,\"name\":\"9110115 \u2013 Bremssattel-Reparaturs\u00e4tze\"}]},{\"@type\":\"WebSite\",\"@id\":\"https:\/\/allerparts.com\/#website\",\"url\":\"https:\/\/allerparts.com\/\",\"name\":\"Aller\",\"description\":\"Aller Parts\",\"potentialAction\":[{\"@type\":\"SearchAction\",\"target\":{\"@type\":\"EntryPoint\",\"urlTemplate\":\"https:\/\/allerparts.com\/?s={search_term_string}\"},\"query-input\":\"required name=search_term_string\"}],\"inLanguage\":\"de\"}]}<\/script>\n<!-- \/ Yoast SEO plugin. -->","yoast_head_json":{"title":"9110115 \u2013 Bremssattel-Reparaturs\u00e4tze - Aller","robots":{"index":"index","follow":"follow","max-snippet":"max-snippet:-1","max-image-preview":"max-image-preview:large","max-video-preview":"max-video-preview:-1"},"canonical":"https:\/\/allerparts.com\/product\/9110115\/","og_locale":"de_DE","og_type":"article","og_title":"9110115 \u2013 Bremssattel-Reparaturs\u00e4tze - Aller","og_description":"NR. BESCHREIBUNG ABMESSUNG   10013 Stift \u00d8 30 \/ 99 mm   10037 Schrauben M16 x 1.5 \/ 105 mm   10014 Stift \u00d8 30 \/ 72 mm   10047 Schrauben M16 x 1.5 \/ 75 mm   10079 Pin-Ring    10081 Busch \u00d8 30 x 34 \/ 65 mm   10099 Pin-Kappe \u00d8 34 \/ 14 mm   10055 St\u00f6\u00dfelmanschette    10080 Busch \u00d8 30 x 34 \/ 25 mm","og_url":"https:\/\/allerparts.com\/product\/9110115\/","og_site_name":"Aller","article_modified_time":"2023-10-15T09:58:43+00:00","og_image":[{"width":1200,"height":1502,"url":"https:\/\/allerparts.com\/wp-content\/uploads\/2023\/06\/aller-9110115-dikey.png","type":"image\/png"}],"twitter_card":"summary_large_image","twitter_misc":{"Gesch\u00e4tzte Lesezeit":"1\u00a0Minute"},"schema":{"@context":"https:\/\/schema.org","@graph":[{"@type":"WebPage","@id":"https:\/\/allerparts.com\/product\/9110115\/","url":"https:\/\/allerparts.com\/product\/9110115\/","name":"9110115 \u2013 Bremssattel-Reparaturs\u00e4tze - Aller","isPartOf":{"@id":"https:\/\/allerparts.com\/#website"},"primaryImageOfPage":{"@id":"https:\/\/allerparts.com\/product\/9110115\/#primaryimage"},"image":{"@id":"https:\/\/allerparts.com\/product\/9110115\/#primaryimage"},"thumbnailUrl":"https:\/\/allerparts.com\/wp-content\/uploads\/2023\/06\/aller-9110115-dikey.png","datePublished":"2023-10-14T23:17:41+00:00","dateModified":"2023-10-15T09:58:43+00:00","breadcrumb":{"@id":"https:\/\/allerparts.com\/product\/9110115\/#breadcrumb"},"inLanguage":"de","potentialAction":[{"@type":"ReadAction","target":["https:\/\/allerparts.com\/product\/9110115\/"]}]},{"@type":"ImageObject","inLanguage":"de","@id":"https:\/\/allerparts.com\/product\/9110115\/#primaryimage","url":"https:\/\/allerparts.com\/wp-content\/uploads\/2023\/06\/aller-9110115-dikey.png","contentUrl":"https:\/\/allerparts.com\/wp-content\/uploads\/2023\/06\/aller-9110115-dikey.png","width":1200,"height":1502},{"@type":"BreadcrumbList","@id":"https:\/\/allerparts.com\/product\/9110115\/#breadcrumb","itemListElement":[{"@type":"ListItem","position":1,"name":"Home","item":"https:\/\/allerparts.com\/de\/"},{"@type":"ListItem","position":2,"name":"Produkte","item":"https:\/\/allerparts.com\/de\/products\/"},{"@type":"ListItem","position":3,"name":"9110115 \u2013 Bremssattel-Reparaturs\u00e4tze"}]},{"@type":"WebSite","@id":"https:\/\/allerparts.com\/#website","url":"https:\/\/allerparts.com\/","name":"Aller","description":"Aller Parts","potentialAction":[{"@type":"SearchAction","target":{"@type":"EntryPoint","urlTemplate":"https:\/\/allerparts.com\/?s={search_term_string}"},"query-input":"required name=search_term_string"}],"inLanguage":"de"}]}},"jetpack_sharing_enabled":true,"_links":{"self":[{"href":"https:\/\/allerparts.com\/de\/wp-json\/wp\/v2\/product\/5919","targetHints":{"allow":["GET"]}}],"collection":[{"href":"https:\/\/allerparts.com\/de\/wp-json\/wp\/v2\/product"}],"about":[{"href":"https:\/\/allerparts.com\/de\/wp-json\/wp\/v2\/types\/product"}],"wp:featuredmedia":[{"embeddable":true,"href":"https:\/\/allerparts.com\/de\/wp-json\/wp\/v2\/media\/3018"}],"wp:attachment":[{"href":"https:\/\/allerparts.com\/de\/wp-json\/wp\/v2\/media?parent=5919"}],"wp:term":[{"taxonomy":"product_cat","embeddable":true,"href":"https:\/\/allerparts.com\/de\/wp-json\/wp\/v2\/product_cat?post=5919"},{"taxonomy":"product_tag","embeddable":true,"href":"https:\/\/allerparts.com\/de\/wp-json\/wp\/v2\/product_tag?post=5919"}],"curies":[{"name":"wp","href":"https:\/\/api.w.org\/{rel}","templated":true}]}}