{"id":5931,"date":"2023-10-15T02:41:28","date_gmt":"2023-10-14T23:41:28","guid":{"rendered":"https:\/\/allerparts.com\/?post_type=product&#038;p=5931"},"modified":"2023-10-15T12:41:11","modified_gmt":"2023-10-15T09:41:11","slug":"9120101-bremssattel-reparatursaetze","status":"publish","type":"product","link":"https:\/\/allerparts.com\/de\/product\/9120101-bremssattel-reparatursaetze\/","title":{"rendered":"9120101 \u2013 Bremssattel-Reparaturs\u00e4tze"},"content":{"rendered":"<table dir=\"ltr\" border=\"1\" cellspacing=\"0\" cellpadding=\"0\">\n<colgroup>\n<col width=\"100\" \/>\n<col width=\"117\" \/>\n<col width=\"131\" \/><\/colgroup>\n<tbody>\n<tr>\n<td><\/td>\n<td><\/td>\n<td><\/td>\n<\/tr>\n<tr>\n<td data-sheets-value=\"{&quot;1&quot;:2,&quot;2&quot;:&quot;MERITOR&quot;}\">MERITOR<\/td>\n<td data-sheets-value=\"{&quot;1&quot;:2,&quot;2&quot;:&quot;MCK1139&quot;}\">MCK1139<\/td>\n<td data-sheets-value=\"{&quot;1&quot;:2,&quot;2&quot;:&quot;MCK1288&quot;}\">MCK1288<\/td>\n<\/tr>\n<tr>\n<td data-sheets-value=\"{&quot;1&quot;:2,&quot;2&quot;:&quot;MAN&quot;}\">MAN<\/td>\n<td data-sheets-value=\"{&quot;1&quot;:3,&quot;3&quot;:81508026024}\">81508026024<\/td>\n<td data-sheets-numberformat=\"{&quot;1&quot;:2,&quot;2&quot;:&quot;#,##0&quot;,&quot;3&quot;:1}\"><\/td>\n<\/tr>\n<tr>\n<td data-sheets-value=\"{&quot;1&quot;:2,&quot;2&quot;:&quot;VOLVO&quot;}\">VOLVO<\/td>\n<td data-sheets-value=\"{&quot;1&quot;:3,&quot;3&quot;:85107913}\">85107913<\/td>\n<td><\/td>\n<\/tr>\n<\/tbody>\n<\/table>\n","protected":false},"excerpt":{"rendered":"<table dir=\"ltr\" border=\"1\" cellspacing=\"0\" cellpadding=\"0\">\n<colgroup>\n<col width=\"100\" \/>\n<col width=\"212\" \/><\/colgroup>\n<tbody>\n<tr>\n<td data-sheets-value=\"{&quot;1&quot;:2,&quot;2&quot;:&quot;NR.&quot;}\"><strong>NR.<\/strong><\/td>\n<td data-sheets-value=\"{&quot;1&quot;:2,&quot;2&quot;:&quot;BESCHREIBUNG&quot;}\"><strong>BESCHREIBUNG<\/strong><\/td>\n<\/tr>\n<tr>\n<td data-sheets-value=\"{&quot;1&quot;:3,&quot;3&quot;:10049}\"><strong>10049<\/strong><\/td>\n<td data-sheets-value=\"{&quot;1&quot;:2,&quot;2&quot;:&quot;St\u00f6\u00dfelmanschette&quot;}\">St\u00f6\u00dfelmanschette<\/td>\n<\/tr>\n<\/tbody>\n<\/table>\n","protected":false},"featured_media":2978,"template":"","meta":[],"product_cat":[524,529,530,522],"product_tag":[],"class_list":{"0":"post-5931","1":"product","2":"type-product","3":"status-publish","4":"has-post-thumbnail","6":"product_cat-duco-de","7":"product_cat-elsa195-225-ex225-de","8":"product_cat-elsa-2-de","9":"product_cat-mrt-de","11":"first","12":"instock","13":"shipping-taxable","14":"purchasable","15":"product-type-woosb"},"yoast_head":"<!-- This site is optimized with the Yoast SEO plugin v22.4 - https:\/\/yoast.com\/wordpress\/plugins\/seo\/ -->\n<title>9120101 \u2013 Bremssattel-Reparaturs\u00e4tze - Aller<\/title>\n<meta name=\"robots\" content=\"index, follow, max-snippet:-1, max-image-preview:large, max-video-preview:-1\" \/>\n<link rel=\"canonical\" href=\"https:\/\/allerparts.com\/product\/9120101\/\" \/>\n<meta property=\"og:locale\" content=\"de_DE\" \/>\n<meta property=\"og:type\" content=\"article\" \/>\n<meta property=\"og:title\" content=\"9120101 \u2013 Bremssattel-Reparaturs\u00e4tze - Aller\" \/>\n<meta property=\"og:description\" content=\"NR. BESCHREIBUNG   10049 St\u00f6\u00dfelmanschette\" \/>\n<meta property=\"og:url\" content=\"https:\/\/allerparts.com\/product\/9120101\/\" \/>\n<meta property=\"og:site_name\" content=\"Aller\" \/>\n<meta property=\"article:modified_time\" content=\"2023-10-15T09:41:11+00:00\" \/>\n<meta property=\"og:image\" content=\"https:\/\/allerparts.com\/wp-content\/uploads\/2023\/06\/aller-9120101-dikey.png\" \/>\n\t<meta property=\"og:image:width\" content=\"1200\" \/>\n\t<meta property=\"og:image:height\" content=\"1502\" \/>\n\t<meta property=\"og:image:type\" content=\"image\/png\" \/>\n<meta name=\"twitter:card\" content=\"summary_large_image\" \/>\n<meta name=\"twitter:label1\" content=\"Gesch\u00e4tzte Lesezeit\" \/>\n\t<meta name=\"twitter:data1\" content=\"1\u00a0Minute\" \/>\n<script type=\"application\/ld+json\" class=\"yoast-schema-graph\">{\"@context\":\"https:\/\/schema.org\",\"@graph\":[{\"@type\":\"WebPage\",\"@id\":\"https:\/\/allerparts.com\/product\/9120101\/\",\"url\":\"https:\/\/allerparts.com\/product\/9120101\/\",\"name\":\"9120101 \u2013 Bremssattel-Reparaturs\u00e4tze - Aller\",\"isPartOf\":{\"@id\":\"https:\/\/allerparts.com\/#website\"},\"primaryImageOfPage\":{\"@id\":\"https:\/\/allerparts.com\/product\/9120101\/#primaryimage\"},\"image\":{\"@id\":\"https:\/\/allerparts.com\/product\/9120101\/#primaryimage\"},\"thumbnailUrl\":\"https:\/\/allerparts.com\/wp-content\/uploads\/2023\/06\/aller-9120101-dikey.png\",\"datePublished\":\"2023-10-14T23:41:28+00:00\",\"dateModified\":\"2023-10-15T09:41:11+00:00\",\"breadcrumb\":{\"@id\":\"https:\/\/allerparts.com\/product\/9120101\/#breadcrumb\"},\"inLanguage\":\"de\",\"potentialAction\":[{\"@type\":\"ReadAction\",\"target\":[\"https:\/\/allerparts.com\/product\/9120101\/\"]}]},{\"@type\":\"ImageObject\",\"inLanguage\":\"de\",\"@id\":\"https:\/\/allerparts.com\/product\/9120101\/#primaryimage\",\"url\":\"https:\/\/allerparts.com\/wp-content\/uploads\/2023\/06\/aller-9120101-dikey.png\",\"contentUrl\":\"https:\/\/allerparts.com\/wp-content\/uploads\/2023\/06\/aller-9120101-dikey.png\",\"width\":1200,\"height\":1502},{\"@type\":\"BreadcrumbList\",\"@id\":\"https:\/\/allerparts.com\/product\/9120101\/#breadcrumb\",\"itemListElement\":[{\"@type\":\"ListItem\",\"position\":1,\"name\":\"Home\",\"item\":\"https:\/\/allerparts.com\/de\/\"},{\"@type\":\"ListItem\",\"position\":2,\"name\":\"Produkte\",\"item\":\"https:\/\/allerparts.com\/de\/products\/\"},{\"@type\":\"ListItem\",\"position\":3,\"name\":\"9120101 \u2013 Bremssattel-Reparaturs\u00e4tze\"}]},{\"@type\":\"WebSite\",\"@id\":\"https:\/\/allerparts.com\/#website\",\"url\":\"https:\/\/allerparts.com\/\",\"name\":\"Aller\",\"description\":\"Aller Parts\",\"potentialAction\":[{\"@type\":\"SearchAction\",\"target\":{\"@type\":\"EntryPoint\",\"urlTemplate\":\"https:\/\/allerparts.com\/?s={search_term_string}\"},\"query-input\":\"required name=search_term_string\"}],\"inLanguage\":\"de\"}]}<\/script>\n<!-- \/ Yoast SEO plugin. -->","yoast_head_json":{"title":"9120101 \u2013 Bremssattel-Reparaturs\u00e4tze - Aller","robots":{"index":"index","follow":"follow","max-snippet":"max-snippet:-1","max-image-preview":"max-image-preview:large","max-video-preview":"max-video-preview:-1"},"canonical":"https:\/\/allerparts.com\/product\/9120101\/","og_locale":"de_DE","og_type":"article","og_title":"9120101 \u2013 Bremssattel-Reparaturs\u00e4tze - Aller","og_description":"NR. BESCHREIBUNG   10049 St\u00f6\u00dfelmanschette","og_url":"https:\/\/allerparts.com\/product\/9120101\/","og_site_name":"Aller","article_modified_time":"2023-10-15T09:41:11+00:00","og_image":[{"width":1200,"height":1502,"url":"https:\/\/allerparts.com\/wp-content\/uploads\/2023\/06\/aller-9120101-dikey.png","type":"image\/png"}],"twitter_card":"summary_large_image","twitter_misc":{"Gesch\u00e4tzte Lesezeit":"1\u00a0Minute"},"schema":{"@context":"https:\/\/schema.org","@graph":[{"@type":"WebPage","@id":"https:\/\/allerparts.com\/product\/9120101\/","url":"https:\/\/allerparts.com\/product\/9120101\/","name":"9120101 \u2013 Bremssattel-Reparaturs\u00e4tze - Aller","isPartOf":{"@id":"https:\/\/allerparts.com\/#website"},"primaryImageOfPage":{"@id":"https:\/\/allerparts.com\/product\/9120101\/#primaryimage"},"image":{"@id":"https:\/\/allerparts.com\/product\/9120101\/#primaryimage"},"thumbnailUrl":"https:\/\/allerparts.com\/wp-content\/uploads\/2023\/06\/aller-9120101-dikey.png","datePublished":"2023-10-14T23:41:28+00:00","dateModified":"2023-10-15T09:41:11+00:00","breadcrumb":{"@id":"https:\/\/allerparts.com\/product\/9120101\/#breadcrumb"},"inLanguage":"de","potentialAction":[{"@type":"ReadAction","target":["https:\/\/allerparts.com\/product\/9120101\/"]}]},{"@type":"ImageObject","inLanguage":"de","@id":"https:\/\/allerparts.com\/product\/9120101\/#primaryimage","url":"https:\/\/allerparts.com\/wp-content\/uploads\/2023\/06\/aller-9120101-dikey.png","contentUrl":"https:\/\/allerparts.com\/wp-content\/uploads\/2023\/06\/aller-9120101-dikey.png","width":1200,"height":1502},{"@type":"BreadcrumbList","@id":"https:\/\/allerparts.com\/product\/9120101\/#breadcrumb","itemListElement":[{"@type":"ListItem","position":1,"name":"Home","item":"https:\/\/allerparts.com\/de\/"},{"@type":"ListItem","position":2,"name":"Produkte","item":"https:\/\/allerparts.com\/de\/products\/"},{"@type":"ListItem","position":3,"name":"9120101 \u2013 Bremssattel-Reparaturs\u00e4tze"}]},{"@type":"WebSite","@id":"https:\/\/allerparts.com\/#website","url":"https:\/\/allerparts.com\/","name":"Aller","description":"Aller Parts","potentialAction":[{"@type":"SearchAction","target":{"@type":"EntryPoint","urlTemplate":"https:\/\/allerparts.com\/?s={search_term_string}"},"query-input":"required name=search_term_string"}],"inLanguage":"de"}]}},"jetpack_sharing_enabled":true,"_links":{"self":[{"href":"https:\/\/allerparts.com\/de\/wp-json\/wp\/v2\/product\/5931","targetHints":{"allow":["GET"]}}],"collection":[{"href":"https:\/\/allerparts.com\/de\/wp-json\/wp\/v2\/product"}],"about":[{"href":"https:\/\/allerparts.com\/de\/wp-json\/wp\/v2\/types\/product"}],"wp:featuredmedia":[{"embeddable":true,"href":"https:\/\/allerparts.com\/de\/wp-json\/wp\/v2\/media\/2978"}],"wp:attachment":[{"href":"https:\/\/allerparts.com\/de\/wp-json\/wp\/v2\/media?parent=5931"}],"wp:term":[{"taxonomy":"product_cat","embeddable":true,"href":"https:\/\/allerparts.com\/de\/wp-json\/wp\/v2\/product_cat?post=5931"},{"taxonomy":"product_tag","embeddable":true,"href":"https:\/\/allerparts.com\/de\/wp-json\/wp\/v2\/product_tag?post=5931"}],"curies":[{"name":"wp","href":"https:\/\/api.w.org\/{rel}","templated":true}]}}